{"id":7180,"date":"2019-11-04T20:52:58","date_gmt":"2019-11-04T20:52:58","guid":{"rendered":"http:\/\/localhost\/drtcweb\/?page_id=7180"},"modified":"2023-05-31T18:45:55","modified_gmt":"2023-05-31T18:45:55","slug":"requisitos-licencias","status":"publish","type":"page","link":"http:\/\/drtc.regionica.gob.pe\/?page_id=7180","title":{"rendered":"CATEGORIA A &#8211; I"},"content":{"rendered":"\t\t<div data-elementor-type=\"wp-post\" data-elementor-id=\"7180\" class=\"elementor elementor-7180\">\n\t\t\t\t\t\t<div class=\"elementor-inner\">\n\t\t\t\t<div class=\"elementor-section-wrap\">\n\t\t\t\t\t\t\t\t\t<section class=\"elementor-section elementor-top-section elementor-element elementor-element-0df88b7 elementor-section-stretched elementor-section-full_width elementor-section-height-default elementor-section-height-default\" data-id=\"0df88b7\" data-element_type=\"section\" data-settings=\"{&quot;stretch_section&quot;:&quot;section-stretched&quot;}\">\n\t\t\t\t\t\t<div class=\"elementor-container elementor-column-gap-default\">\n\t\t\t\t\t\t\t<div class=\"elementor-row\">\n\t\t\t\t\t<div class=\"elementor-column elementor-col-100 elementor-top-column elementor-element elementor-element-48cc4eb\" data-id=\"48cc4eb\" data-element_type=\"column\">\n\t\t\t<div class=\"elementor-column-wrap elementor-element-populated\">\n\t\t\t\t\t\t\t<div class=\"elementor-widget-wrap\">\n\t\t\t\t\t\t<div class=\"elementor-element elementor-element-d2d22d2 elementor-widget elementor-widget-shortcode\" data-id=\"d2d22d2\" data-element_type=\"widget\" data-widget_type=\"shortcode.default\">\n\t\t\t\t<div class=\"elementor-widget-container\">\n\t\t\t\t\t<div class=\"elementor-shortcode\">[elementor-template id=\"8531\"]<\/div>\n\t\t\t\t<\/div>\n\t\t\t\t<\/div>\n\t\t\t\t\t\t<\/div>\n\t\t\t\t\t<\/div>\n\t\t<\/div>\n\t\t\t\t\t\t\t\t<\/div>\n\t\t\t\t\t<\/div>\n\t\t<\/section>\n\t\t\t\t<section class=\"elementor-section elementor-top-section elementor-element elementor-element-e45bb48 elementor-section-boxed elementor-section-height-default elementor-section-height-default\" data-id=\"e45bb48\" data-element_type=\"section\">\n\t\t\t\t\t\t<div class=\"elementor-container elementor-column-gap-default\">\n\t\t\t\t\t\t\t<div class=\"elementor-row\">\n\t\t\t\t\t<div class=\"elementor-column elementor-col-100 elementor-top-column elementor-element elementor-element-641110d\" data-id=\"641110d\" data-element_type=\"column\">\n\t\t\t<div class=\"elementor-column-wrap elementor-element-populated\">\n\t\t\t\t\t\t\t<div class=\"elementor-widget-wrap\">\n\t\t\t\t\t\t<div class=\"elementor-element elementor-element-af4e905 elementor-widget elementor-widget-heading\" data-id=\"af4e905\" data-element_type=\"widget\" data-widget_type=\"heading.default\">\n\t\t\t\t<div class=\"elementor-widget-container\">\n\t\t\t<h3 class=\"elementor-heading-title elementor-size-default\">Categor\u00eda A - I<\/h3>\t\t<\/div>\n\t\t\t\t<\/div>\n\t\t\t\t<div class=\"elementor-element elementor-element-c585be8 elementor-widget-divider--view-line elementor-widget elementor-widget-divider\" data-id=\"c585be8\" data-element_type=\"widget\" data-widget_type=\"divider.default\">\n\t\t\t\t<div class=\"elementor-widget-container\">\n\t\t\t\t\t<div class=\"elementor-divider\">\n\t\t\t<span class=\"elementor-divider-separator\">\n\t\t\t\t\t\t<\/span>\n\t\t<\/div>\n\t\t\t\t<\/div>\n\t\t\t\t<\/div>\n\t\t\t\t<div class=\"elementor-element elementor-element-3f73130 elementor-widget elementor-widget-text-editor\" data-id=\"3f73130\" data-element_type=\"widget\" data-widget_type=\"text-editor.default\">\n\t\t\t\t<div class=\"elementor-widget-container\">\n\t\t\t\t\t\t\t\t<div class=\"elementor-text-editor elementor-clearfix\">\n\t\t\t\t<p>Es la licencia necesaria para manejar autos tipo sedane, coup\u00e9, hatchback, convertibles, station wagon, SUV, Areneros, Pickup y furgones. Es necesaria para obtener las dem\u00e1s licencias de Clase A. La primera licencia de conducir que obtengas tiene una vigencia de 10 a\u00f1os. Cuando se venza, necesitar\u00e1s revalidarla y su vigencia depender\u00e1 de si cuentas con sanciones de tr\u00e1nsito o no.<\/p>\t\t\t\t\t<\/div>\n\t\t\t\t\t\t<\/div>\n\t\t\t\t<\/div>\n\t\t\t\t\t\t<\/div>\n\t\t\t\t\t<\/div>\n\t\t<\/div>\n\t\t\t\t\t\t\t\t<\/div>\n\t\t\t\t\t<\/div>\n\t\t<\/section>\n\t\t\t\t<section class=\"elementor-section elementor-top-section elementor-element elementor-element-964d9a2 elementor-section-boxed elementor-section-height-default elementor-section-height-default\" data-id=\"964d9a2\" data-element_type=\"section\">\n\t\t\t\t\t\t<div class=\"elementor-container elementor-column-gap-default\">\n\t\t\t\t\t\t\t<div class=\"elementor-row\">\n\t\t\t\t\t<div class=\"elementor-column elementor-col-100 elementor-top-column elementor-element elementor-element-165beb9\" data-id=\"165beb9\" data-element_type=\"column\">\n\t\t\t<div class=\"elementor-column-wrap elementor-element-populated\">\n\t\t\t\t\t\t\t<div class=\"elementor-widget-wrap\">\n\t\t\t\t\t\t<div class=\"elementor-element elementor-element-02b6270 elementor-widget__width-initial elementor-aspect-ratio-169 elementor-widget elementor-widget-video\" data-id=\"02b6270\" data-element_type=\"widget\" data-settings=\"{&quot;youtube_url&quot;:&quot;https:\\\/\\\/youtu.be\\\/0_df6GLGmSo&quot;,&quot;video_type&quot;:&quot;youtube&quot;,&quot;controls&quot;:&quot;yes&quot;,&quot;aspect_ratio&quot;:&quot;169&quot;}\" data-widget_type=\"video.default\">\n\t\t\t\t<div class=\"elementor-widget-container\">\n\t\t\t\t\t<div class=\"elementor-wrapper elementor-fit-aspect-ratio elementor-open-inline\">\n\t\t\t<div class=\"elementor-video\"><\/div>\t\t<\/div>\n\t\t\t\t<\/div>\n\t\t\t\t<\/div>\n\t\t\t\t<div class=\"elementor-element elementor-element-684fd7d elementor-widget elementor-widget-eael-adv-tabs\" data-id=\"684fd7d\" data-element_type=\"widget\" data-widget_type=\"eael-adv-tabs.default\">\n\t\t\t\t<div class=\"elementor-widget-container\">\n\t\t\t        <div id=\"eael-advance-tabs-684fd7d\" class=\"eael-advance-tabs eael-tabs-vertical eael-tab-auto-active active-caret-on\" data-tabid=\"684fd7d\">\n            <div class=\"eael-tabs-nav\">\n                <ul class=\"eael-tab-inline-icon\">\n                                            <li id=\"nuevo\" class=\"inactive eael-tab-item-trigger\" aria-selected=\"true\" data-tab=\"1\" role=\"tab\" tabindex=\"0\" aria-controls=\"nuevo-tab\" aria-expanded=\"false\">\n                            \n                                                                <i class=\"fas fa-id-card\"><\/i>                                                            \n                                                            <span class=\"eael-tab-title  title-after-icon\">Nuevo<\/span>                            \n                                                    <\/li>\n                                            <li id=\"revalidacin\" class=\"inactive eael-tab-item-trigger\" aria-selected=\"false\" data-tab=\"2\" role=\"tab\" tabindex=\"-1\" aria-controls=\"revalidacin-tab\" aria-expanded=\"false\">\n                            \n                                                                <i class=\"far fa-check-circle\"><\/i>                                                            \n                                                            <span class=\"eael-tab-title  title-after-icon\">Revalidaci\u00f3n<\/span>                            \n                                                    <\/li>\n                                    <\/ul>\n            <\/div>\n            \n            <div class=\"eael-tabs-content\">\n\t\t        \n                    <div id=\"nuevo-tab\" class=\"clearfix eael-tab-content-item inactive\" data-title-link=\"nuevo-tab\">\n\t\t\t\t        \t\t\t\t\t        <div class=\"article-header\"><h3><strong style=\"font-family: inherit; font-size: 1.5rem; letter-spacing: 0px;\">Requisitos\u00a0<\/strong><\/h3><\/div><div><ul><li>Ex\u00e1men M\u00e9dico psicosom\u00e1tico (solo en centros m\u00e9dicos autorizados).<\/li><li>Copia de DNI o Boucher.<\/li><li>Pago en caja de la D.R.T.C. por derecho de emisi\u00f3n de licencia S\/. 81.50.<\/li><li>Declaraci\u00f3n Jurada.<\/li><li>Aprobar el examen de reglamento de tr\u00e1nsito.<\/li><li>Aprobar el examen de manejo.<\/li><\/ul><\/div>\t\t\t\t                            <\/div>\n\t\t        \n                    <div id=\"revalidacin-tab\" class=\"clearfix eael-tab-content-item inactive\" data-title-link=\"revalidacin-tab\">\n\t\t\t\t        \t\t\t\t\t        <div class=\"article-header\"><h3><strong style=\"font-family: inherit; font-size: 1.5rem; letter-spacing: 0px;\">Requisitos\u00a0<\/strong><\/h3><\/div><div><ul><li>Ex\u00e1men M\u00e9dico psicosom\u00e1tico (solo en centros m\u00e9dicos autorizados).<\/li><li>Copia de DNI o Boucher.<\/li><li>Copia de la licencia o denuncia policial en caso de p\u00e9rdida.<\/li><li>Pago en caja de la D.R.T.C. por un total de S\/. 23.10.<\/li><li>Declaraci\u00f3n Jurada.<\/li><\/ul><\/div>\t\t\t\t                            <\/div>\n\t\t                    <\/div>\n        <\/div>\n\t\t<\/div>\n\t\t\t\t<\/div>\n\t\t\t\t\t\t<\/div>\n\t\t\t\t\t<\/div>\n\t\t<\/div>\n\t\t\t\t\t\t\t\t<\/div>\n\t\t\t\t\t<\/div>\n\t\t<\/section>\n\t\t\t\t<section class=\"elementor-section elementor-top-section elementor-element elementor-element-e0a1d83 elementor-section-stretched elementor-section-full_width elementor-section-height-default elementor-section-height-default\" data-id=\"e0a1d83\" data-element_type=\"section\" data-settings=\"{&quot;stretch_section&quot;:&quot;section-stretched&quot;}\">\n\t\t\t\t\t\t<div class=\"elementor-container elementor-column-gap-default\">\n\t\t\t\t\t\t\t<div class=\"elementor-row\">\n\t\t\t\t\t<div class=\"elementor-column elementor-col-100 elementor-top-column elementor-element elementor-element-1242d4b\" data-id=\"1242d4b\" data-element_type=\"column\">\n\t\t\t<div class=\"elementor-column-wrap elementor-element-populated\">\n\t\t\t\t\t\t\t<div class=\"elementor-widget-wrap\">\n\t\t\t\t\t\t<div class=\"elementor-element elementor-element-136aefc elementor-widget elementor-widget-shortcode\" data-id=\"136aefc\" data-element_type=\"widget\" data-widget_type=\"shortcode.default\">\n\t\t\t\t<div class=\"elementor-widget-container\">\n\t\t\t\t\t<div class=\"elementor-shortcode\">[elementor-template id=\"69\"]<\/div>\n\t\t\t\t<\/div>\n\t\t\t\t<\/div>\n\t\t\t\t\t\t<\/div>\n\t\t\t\t\t<\/div>\n\t\t<\/div>\n\t\t\t\t\t\t\t\t<\/div>\n\t\t\t\t\t<\/div>\n\t\t<\/section>\n\t\t\t\t\t\t\t\t\t<\/div>\n\t\t\t<\/div>\n\t\t\t\t\t<\/div>\n\t\t","protected":false},"excerpt":{"rendered":"<p>[elementor-template id=&#8221;8531&#8243;] Categor\u00eda A &#8211; I Es la licencia necesaria para manejar autos tipo sedane, coup\u00e9, hatchback, convertibles, station wagon, SUV, Areneros, Pickup y furgones. Es necesaria para obtener las dem\u00e1s licencias de Clase A. La primera licencia de conducir que obtengas tiene una vigencia de 10 a\u00f1os. Cuando se venza, necesitar\u00e1s revalidarla y su&#8230;<\/p>\n","protected":false},"author":1,"featured_media":0,"parent":13,"menu_order":0,"comment_status":"closed","ping_status":"closed","template":"","meta":[],"_links":{"self":[{"href":"http:\/\/drtc.regionica.gob.pe\/index.php?rest_route=\/wp\/v2\/pages\/7180"}],"collection":[{"href":"http:\/\/drtc.regionica.gob.pe\/index.php?rest_route=\/wp\/v2\/pages"}],"about":[{"href":"http:\/\/drtc.regionica.gob.pe\/index.php?rest_route=\/wp\/v2\/types\/page"}],"author":[{"embeddable":true,"href":"http:\/\/drtc.regionica.gob.pe\/index.php?rest_route=\/wp\/v2\/users\/1"}],"replies":[{"embeddable":true,"href":"http:\/\/drtc.regionica.gob.pe\/index.php?rest_route=%2Fwp%2Fv2%2Fcomments&post=7180"}],"version-history":[{"count":102,"href":"http:\/\/drtc.regionica.gob.pe\/index.php?rest_route=\/wp\/v2\/pages\/7180\/revisions"}],"predecessor-version":[{"id":10292,"href":"http:\/\/drtc.regionica.gob.pe\/index.php?rest_route=\/wp\/v2\/pages\/7180\/revisions\/10292"}],"up":[{"embeddable":true,"href":"http:\/\/drtc.regionica.gob.pe\/index.php?rest_route=\/wp\/v2\/pages\/13"}],"wp:attachment":[{"href":"http:\/\/drtc.regionica.gob.pe\/index.php?rest_route=%2Fwp%2Fv2%2Fmedia&parent=7180"}],"curies":[{"name":"wp","href":"https:\/\/api.w.org\/{rel}","templated":true}]}}